{"id":396,"date":"2023-05-16T01:46:45","date_gmt":"2023-05-15T23:46:45","guid":{"rendered":"https:\/\/barcelonataxitour.paginaswebbarcelona.com\/inicio\/"},"modified":"2025-05-28T23:34:22","modified_gmt":"2025-05-28T21:34:22","slug":"inicio","status":"publish","type":"page","link":"https:\/\/www.barcelonataxitour.com\/it\/","title":{"rendered":"Inicio"},"content":{"rendered":"\r\n\t\t<div  class=\"block-6aea1a4d-8eab-462a-b4a5-05156eafde97 areoi-element width-100 px-md-5 px-2 mb-5\">\r\n\t\t\t\r\n\t\t\t\n\r\n\t\t<div  class=\"block-0ec190c3-c0ac-47d2-aabe-6d6a6237537e row areoi-element gx-2\">\r\n\t\t\t\r\n\r\n\t\t\t\n\r\n\t\t<div  class=\"block-4bd44e18-0d08-46a7-bb98-de44efa428e1 col areoi-element col-md-5 d-none d-sm-none d-md-block\">\r\n\t\t\t\r\n\t\t\t\n\r\n\t\t<div  class=\"block-5655325d-97d9-4c61-8fca-96faabe703e8 areoi-element h-100\">\r\n\t\t\t\r\n\t\t<div class=\"areoi-background  \">\r\n\t\t\t<div class=\"container-fluid\" style=\"padding: 0;\">\r\n\t\t\t\t<div class=\"row justify-content-start\">\r\n\t\t\t\t\t<div class=\"col \">\r\n\t\t\t            <div class=\"areoi-background__color\" \r\n\t                        \tstyle=\"background: rgba(0, 0, 0,1)\">\r\n\t                        <\/div>\r\n\r\n\t                    \r\n\t                        \t<div class=\"areoi-background__image\" style=\"background-image:url(https:\/\/www.barcelonataxitour.com\/wp-content\/uploads\/2023\/05\/banner-taxi-tour1.webp)\"><\/div>\r\n\t                        \r\n\r\n\t                    \r\n\r\n\t                    \r\n\t    \t\t\t<\/div>\r\n\t    \t\t<\/div>\r\n\t    \t<\/div>\r\n\t    <\/div>\r\n\t\r\n\t\t\t\r\n\t\t\t \r\n\t\t<\/div>\r\n\t\n \r\n\t\t\t\r\n\t\t<\/div>\r\n\t\n\n\r\n\t\t<div  class=\"block-4e7f6dd2-9441-4ef2-9d15-c34dbad11221 col areoi-element\">\r\n\t\t\t\r\n\t\t\t\n\n<figure class=\"wp-block-image size-full\"><img decoding=\"async\" width=\"1987\" height=\"1362\" src=\"https:\/\/www.barcelonataxitour.com\/wp-content\/uploads\/2023\/05\/banner-taxi-tour2.webp\" alt=\"\" class=\"wp-image-72\"\/><\/figure>\n\n\n\r\n\t\t<div  class=\"block-c635de75-3177-4540-b383-d9e844ed3290 areoi-element\">\r\n\t\t\t\r\n\t\t\t\n\n<h2 class=\"wp-block-heading caption-banner lemon\">BARCELONA TAXI TOUR<\/h2>\n\n\r\n\t\t\t \r\n\t\t<\/div>\r\n\t\n \r\n\t\t\t\r\n\t\t<\/div>\r\n\t\n \r\n\t\t<\/div>\r\n\t\n\r\n\t\t\t \r\n\t\t<\/div>\r\n\t\n\n\r\n\t\t<div  class=\"block-5db34f9b-ad7b-4f25-b1e4-dbc10b4d91e6 areoi-element mb-5\">\r\n\t\t\t\r\n\t\t\t\n\n<h4 class=\"wp-block-heading has-text-align-center h-naranja title-line mb-3\">TRASFERIMENTI PER PORT<strong>i<\/strong> E AEROPORT<strong>i<\/strong><\/h4>\n\n\n\n<p><\/p>\n\n\n\n<p>Consentici di fornirti un trasporto senza interruzioni dall&#8217;aeroporto al tuo hotel, assicurandoti un inizio senza problemi per la tua avventura a Barcellona. Il viaggio dall&#8217;aeroporto di Barcellona alla citt\u00e0 dura in genere tra i 30 ei 50 minuti, permettendoti di arrivare rapidamente alla destinazione desiderata.<\/p>\n\n\n\n<p>Che tu arrivi in aereo o in crociera, siamo qui per rendere la tua esperienza senza sforzo. Al tuo arrivo, il tuo autista dedicato ti accoglier\u00e0 calorosamente, con in mano un cartello personalizzato con il tuo nome, pronto a intraprendere la tua esplorazione della citt\u00e0 o a trasferirti direttamente al tuo hotel. D\u00ec addio allo stress della navigazione tra le opzioni di trasporto e lascia che ci prendiamo cura del tuo comfort e della tua convenienza.<\/p>\n\n\n\n<p>Mentre la distanza tra il porto e la citt\u00e0 \u00e8 breve, vale la pena notare che il processo di sbarco da una crociera pu\u00f2 essere spesso movimentato con numerose persone che arrivano contemporaneamente. Senza assistenza, pu\u00f2 diventare un po&#8217; caotico e richiedere molto tempo. Tuttavia, con i nostri servizi, puoi evitare la potenziale confusione e raggiungere rapidamente la tua prossima destinazione. Il viaggio dal porto di Barcellona all&#8217;aeroporto di Barcellona dura solo venti minuti, garantendo una transizione rapida.<\/p>\n\n\n\n<p>Siediti, rilassati e lascia che ci occupiamo delle tue esigenze di trasporto. Goditi la tranquillit\u00e0 sapendo che i nostri autisti professionisti garantiranno un viaggio fluido ed efficiente, permettendoti di immergerti completamente nelle meraviglie di Barcellona dal momento in cui arrivi.<\/p>\n\n\n\r\n\t\t<div  class=\"block-ce487c02-1378-48f6-ac83-38719db43d80 areoi-element text-center\">\r\n\t\t\t\r\n\t\t\t\n\r\n\t\t\t\t\r\n\t\t<a \r\n\t\t\t\r\n\t\t\tclass=\"block-fb8bf2da-d612-4cd9-b72f-92cf3780a432 btn areoi-has-url position-relative btn-round bold btn-black btn-outline-secondary\"\r\n\t href=\"https:\/\/www.barcelonataxitour.com\/it\/contatto\/\" >\r\n\t\t\t\t\t\r\n\t\t\t\t\tORDINA IL TUO TAXI QUI \r\n\t\t\t\t\t\r\n\t\t\t\t\t \r\n\t\t\t\t<\/a>\r\n\t\t\t\n\r\n\t\t\t \r\n\t\t<\/div>\r\n\t\n\r\n\t\t\t \r\n\t\t<\/div>\r\n\t\n\n\r\n\t\t<div  class=\"block-0eff7432-a287-41ae-b3b4-3c29b785e5c9 areoi-element width-100 mb-5\">\r\n\t\t\t\r\n\t\t\t\n\r\n\t\t<div  class=\"block-5077e4ce-372f-476a-b3f6-6e3bf7cb03e7 row areoi-element gx-2\">\r\n\t\t\t\r\n\r\n\t\t\t\n\r\n\t\t<div  class=\"block-f5764b7f-7b74-4549-ad34-48665eb64e98 col areoi-element\">\r\n\t\t\t\r\n\t\t\t\n\n<figure class=\"wp-block-image size-full\"><img decoding=\"async\" width=\"768\" height=\"638\" src=\"https:\/\/www.barcelonataxitour.com\/wp-content\/uploads\/2023\/07\/tours_taxi_airport_barcelona.jpg\" alt=\"\" class=\"wp-image-526\" srcset=\"https:\/\/www.barcelonataxitour.com\/wp-content\/uploads\/2023\/07\/tours_taxi_airport_barcelona.jpg 768w, https:\/\/www.barcelonataxitour.com\/wp-content\/uploads\/2023\/07\/tours_taxi_airport_barcelona-300x249.jpg 300w\" sizes=\"(max-width: 768px) 100vw, 768px\" \/><\/figure>\n\n \r\n\t\t\t\r\n\t\t<\/div>\r\n\t\n\n\r\n\t\t<div  class=\"block-83c03f25-e595-4eb6-8e70-2051206e28dd col areoi-element\">\r\n\t\t\t\r\n\t\t\t\n\n<figure class=\"wp-block-image size-full\"><img decoding=\"async\" width=\"768\" height=\"638\" src=\"https:\/\/www.barcelonataxitour.com\/wp-content\/uploads\/2023\/05\/taxi-tour-barco.webp\" alt=\"\" class=\"wp-image-83\"\/><\/figure>\n\n \r\n\t\t\t\r\n\t\t<\/div>\r\n\t\n\n\r\n\t\t<div  class=\"block-f7563b50-3b86-487b-8902-73c5eff0280e col areoi-element\">\r\n\t\t\t\r\n\t\t\t\n\n<figure class=\"wp-block-image size-full\"><img decoding=\"async\" width=\"768\" height=\"638\" src=\"https:\/\/www.barcelonataxitour.com\/wp-content\/uploads\/2023\/05\/taxi-tour-avion.webp\" alt=\"\" class=\"wp-image-84\"\/><\/figure>\n\n \r\n\t\t\t\r\n\t\t<\/div>\r\n\t\n \r\n\t\t<\/div>\r\n\t\n\r\n\t\t\t \r\n\t\t<\/div>\r\n\t\n\n\r\n\t\t<div  class=\"block-9911ed2d-bed1-4a52-8eb9-e7e9153cd114 areoi-element width-100 mb-5\">\r\n\t\t\t\r\n\t\t\t\n\n<h4 class=\"wp-block-heading has-text-align-center h-naranja title-line mb-4\">Scopr<strong>i<\/strong>  BARCELL<strong>O<\/strong>NA E LUOGHI DI INTERESSE<\/h4>\n\n\n\r\n\t\t<div  class=\"block-2b07397d-92a8-445a-acb2-4e38ee7be50f row areoi-element gx-xl-5 gx-md-4 gx-0 gy-5\">\r\n\t\t\t\r\n\r\n\t\t\t\n\r\n\t\t<div  class=\"block-00e77828-93d6-4d90-8d97-306e65a1e582 col areoi-element col-12 col-sm-12 col-md-6\">\r\n\t\t\t\r\n\t\t\t\n\r\n\t\t<div  class=\"block-a38866fe-b3fd-477b-9a8e-a710b0df1efc row areoi-element gx-0\">\r\n\t\t\t\r\n\r\n\t\t\t\n\r\n\t\t<div  class=\"block-78a5543a-c9db-4609-bb7d-a8b55b254d5b col areoi-element col-6 col-sm-7 col-md-6 col-lg-8\">\r\n\t\t\t\r\n\t\t\t\n\n<figure class=\"wp-block-image size-full\"><img decoding=\"async\" width=\"1252\" height=\"1042\" src=\"https:\/\/www.barcelonataxitour.com\/wp-content\/uploads\/2023\/05\/ruta-barcelona.webp\" alt=\"\" class=\"wp-image-99\"\/><\/figure>\n\n \r\n\t\t\t\r\n\t\t<\/div>\r\n\t\n\n\r\n\t\t<div  class=\"block-a22aec2f-1bc9-44b5-bdd5-0f5ae1a947e0 col areoi-element col-6 col-sm-5 col-md-6 col-lg-4\">\r\n\t\t\t\r\n\t\t\t\n\r\n\t\t<div  class=\"block-66295fc4-f0a6-4736-864d-ec1331a4db01 areoi-element px-3 rutas bg-gris\">\r\n\t\t\t\r\n\t\t\t\n\n<h3 class=\"wp-block-heading has-text-align-center h-naranja lemon\">BARCELONA TAXI TOUR<\/h3>\n\n\n\r\n\t\t\t\t\r\n\t\t<a \r\n\t\t\t\r\n\t\t\tclass=\"block-fb8bf2da-d612-4cd9-b72f-92cf3780a432 btn areoi-has-url position-relative btn-round bold btn-black btn-tour btn-outline-secondary Wrap\"\r\n\t href=\"https:\/\/www.barcelonataxitour.com\/it\/barcelona-taxi-tour\/\" >\r\n\t\t\t\t\t\r\n\t\t\t\t\tSCOPRI TOUR \r\n\t\t\t\t\t\r\n\t\t\t\t\t \r\n\t\t\t\t<\/a>\r\n\t\t\t\n\r\n\t\t\t \r\n\t\t<\/div>\r\n\t\n \r\n\t\t\t\r\n\t\t<\/div>\r\n\t\n \r\n\t\t<\/div>\r\n\t\n \r\n\t\t\t\r\n\t\t<\/div>\r\n\t\n\n\r\n\t\t<div  class=\"block-d308aa65-4a98-49de-96c2-66dad9885925 col areoi-element\">\r\n\t\t\t\r\n\t\t\t\n\r\n\t\t<div  class=\"block-a38866fe-b3fd-477b-9a8e-a710b0df1efc row areoi-element gx-0\">\r\n\t\t\t\r\n\r\n\t\t\t\n\r\n\t\t<div  class=\"block-a22aec2f-1bc9-44b5-bdd5-0f5ae1a947e0 col areoi-element col-6 col-sm-6 col-md-6 col-lg-4\">\r\n\t\t\t\r\n\t\t\t\n\r\n\t\t<div  class=\"block-66295fc4-f0a6-4736-864d-ec1331a4db01 areoi-element px-3 rutas bg-gris\">\r\n\t\t\t\r\n\t\t\t\n\n<h3 class=\"wp-block-heading has-text-align-center h-naranja lemon\">catalogna tax<strong>i<\/strong> tour<\/h3>\n\n\n\r\n\t\t\t\t\r\n\t\t<a \r\n\t\t\t\r\n\t\t\tclass=\"block-fb8bf2da-d612-4cd9-b72f-92cf3780a432 btn areoi-has-url position-relative btn-round bold btn-black btn-tour btn-outline-secondary Wrap\"\r\n\t href=\"https:\/\/www.barcelonataxitour.com\/it\/tour-in-taxi-di-interesse\/\" >\r\n\t\t\t\t\t\r\n\t\t\t\t\tSCOPRI TOUR \r\n\t\t\t\t\t\r\n\t\t\t\t\t \r\n\t\t\t\t<\/a>\r\n\t\t\t\n\r\n\t\t\t \r\n\t\t<\/div>\r\n\t\n \r\n\t\t\t\r\n\t\t<\/div>\r\n\t\n\n\r\n\t\t<div  class=\"block-78a5543a-c9db-4609-bb7d-a8b55b254d5b col areoi-element col-6 col-sm-6 col-md-6 col-lg-8\">\r\n\t\t\t\r\n\t\t\t\n\n<figure class=\"wp-block-image size-full\"><img decoding=\"async\" width=\"806\" height=\"668\" src=\"https:\/\/www.barcelonataxitour.com\/wp-content\/uploads\/2023\/05\/ruta-turistica.webp\" alt=\"\" class=\"wp-image-107\"\/><\/figure>\n\n \r\n\t\t\t\r\n\t\t<\/div>\r\n\t\n \r\n\t\t<\/div>\r\n\t\n \r\n\t\t\t\r\n\t\t<\/div>\r\n\t\n \r\n\t\t<\/div>\r\n\t\n\r\n\t\t\t \r\n\t\t<\/div>\r\n\t\n\n\r\n\t\t<div  class=\"block-319e07a1-b1ee-4ef6-8098-d0a5f540a390 areoi-element mb-5\">\r\n\t\t\t\r\n\t\t\t\n\n<h3 class=\"wp-block-heading has-text-align-center h-naranja title-line mb-4\">TESTIMONI<strong>A<\/strong>NZE<\/h3>\n\n\n\n<p><\/p>\n\n\n\n<div id=\"owl-block_3ad14bc306c486a59a1a7149847e2ca0\" class=\"content-carousel  testimonios \">\n    <div class=\"owl-carousel owl-theme\">\n\n                                    <div class=\"item\" >\n                                            <div class=\"text-center my-3\">\n                            <img decoding=\"async\" src=\"https:\/\/www.barcelonataxitour.com\/wp-content\/uploads\/2023\/05\/favicon.png\" alt=\"\">\n                        <\/div>\n                                        <div class=\"test-title mb-3 lemon text-center\" >\n                        TOUR AMENO Y PERSONALIZADO                    <\/div>\n                    <div class=\"test-desc mb-5\">\n                        Una excelente opci\u00f3n para una visita panor\u00e1mica de Barcelona en un tour de 3 &#8211; 4 horas. Jos\u00e9 Miguel es un gran conocedor de la ciudad, buen conversador y muy amable. Nos recogi\u00f3 en el hotel por la ma\u00f1ana y regresamos antes de comer, permiti\u00e9ndonos descubrir los imprescindibles de Barcelona por un precio muy razonable.                    <\/div>\n                    <div class=\"name mt-auto text-center\">\n                        Gloria [Badajoz]                    <\/div>\n                <\/div>\n                            <div class=\"item\" >\n                                            <div class=\"text-center my-3\">\n                            <img decoding=\"async\" src=\"https:\/\/www.barcelonataxitour.com\/wp-content\/uploads\/2023\/05\/favicon.png\" alt=\"\">\n                        <\/div>\n                                        <div class=\"test-title mb-3 lemon text-center\" >\n                        GRAN EXPERIENCIA                    <\/div>\n                    <div class=\"test-desc mb-5\">\n                        Tuvimos la suerte de encontrarnos con Jos\u00e9 en la parada de taxis del aeropuerto de Barcelona. Al llevarnos a nuestro hotel, nos enteramos de Barcelona Taxi Tour y realizamos un recorrido al d\u00eda siguiente. Jos\u00e9 fue r\u00e1pido, cort\u00e9s, amable y muy conocedor de su ciudad. Su ingl\u00e9s tambi\u00e9n es excelente.                    <\/div>\n                    <div class=\"name mt-auto text-center\">\n                        Gelp [Ontario]                    <\/div>\n                <\/div>\n                            <div class=\"item\" >\n                                            <div class=\"text-center my-3\">\n                            <img decoding=\"async\" src=\"https:\/\/www.barcelonataxitour.com\/wp-content\/uploads\/2023\/05\/favicon.png\" alt=\"\">\n                        <\/div>\n                                        <div class=\"test-title mb-3 lemon text-center\" >\n                        EXCELENTE                    <\/div>\n                    <div class=\"test-desc mb-5\">\n                        Fue un d\u00eda miserable y h\u00famedo, pero Jos\u00e9 nos ayud\u00f3 a tener una ma\u00f1ana maravillosa. Cuatro de nosotros vimos el Parque G\u00fcell, la Sagrada Familia, varios edificios de Gaud\u00ed, el puerto y los puertos deportivos, y luego fuimos a Mont Juic para ver el estadio ol\u00edmpico. Mi esposo no puede caminar mucho, as\u00ed que se detuvo y esper\u00f3 mientras sal\u00edamos corriendo para tomar fotos. Su ingl\u00e9s es excelente y \u00e9l estaba muy bien informado.                    <\/div>\n                    <div class=\"name mt-auto text-center\">\n                        Gloria [Badajoz]                    <\/div>\n                <\/div>\n                            <div class=\"item\" >\n                                            <div class=\"text-center my-3\">\n                            <img decoding=\"async\" src=\"https:\/\/www.barcelonataxitour.com\/wp-content\/uploads\/2023\/05\/favicon.png\" alt=\"\">\n                        <\/div>\n                                        <div class=\"test-title mb-3 lemon text-center\" >\n                        TOURS BARCELONA                    <\/div>\n                    <div class=\"test-desc mb-5\">\n                        Tuvimos la suerte de encontrarnos con Jos\u00e9 en la parada de taxis del aeropuerto de Barcelona. Al llevarnos a nuestro hotel, nos enteramos de Barcelona Taxi Tour y realizamos un recorrido al d\u00eda siguiente. Jos\u00e9 fue r\u00e1pido, cort\u00e9s, amable y muy conocedor de su ciudad. Su ingl\u00e9s tambi\u00e9n es excelente.                    <\/div>\n                    <div class=\"name mt-auto text-center\">\n                        Gloria [Badajoz]                    <\/div>\n                <\/div>\n            \n        \n    <\/div>\n\n<\/div>\n\n<script>\n    jQuery(document).ready(function () {\n        var owl = jQuery('#owl-block_3ad14bc306c486a59a1a7149847e2ca0 .owl-carousel').owlCarousel({\n            loop: true,\n            margin: 15,\n            nav: true,\n            dots: false,\n            autoplay: false,\n            autoplayTimeout: 5000,\n            slideBy: 1,\n            dotsEach: 1,\n            autoplayHoverPause: false,\n            navText: ['<span class=\"dashicons dashicons-arrow-left-alt2\"><\/span>', '<span class=\"dashicons dashicons-arrow-right-alt2\"><\/span>'],\n            responsive: {\n                0: {\n                    items:1                },\n                768: {\n                    items:2                },\n                992: {\n                    items:3                },\n                1400: {\n                    items:3                }\n            }\n        });\n\n        \/\/ var dots = jQuery('#<a?a= $id ?> .owl-dots');\n        \/\/ dots.appendTo('#<a?a= $id ?> .nav1');\n\n        \/\/var nav = jQuery('#<a?a= $id ?> .owl-nav');\n        \/\/nav.appendTo('#<a?a= $id ?> .nav1');\n\n        var maxHeight = 0;\n        jQuery('#owl-block_3ad14bc306c486a59a1a7149847e2ca0 .owl-item').each(function () {\n            var itemHeight = jQuery(this).height();\n            if (itemHeight > maxHeight) {\n                maxHeight = itemHeight;\n            }\n        });\n\n        \/\/ Establecer la misma altura para todos los elementos\n        jQuery('#owl-block_3ad14bc306c486a59a1a7149847e2ca0  .owl-item').css('height', maxHeight);\n\n    });\n<\/script>\n\r\n\t\t\t \r\n\t\t<\/div>\r\n\t\n\n\r\n\t\t<div  class=\"block-3505942f-fea1-4653-b8ab-e03ea7fd6892 areoi-element width-100 mb-5\">\r\n\t\t\t\r\n\t\t\t\n\n<figure class=\"wp-block-image size-full banner-bottom\"><img decoding=\"async\" width=\"1919\" height=\"408\" src=\"https:\/\/www.barcelonataxitour.com\/wp-content\/uploads\/2023\/05\/taxi-tour-bottom.webp\" alt=\"\" class=\"wp-image-147\"\/><\/figure>\n\n\r\n\t\t\t \r\n\t\t<\/div>\r\n\t","protected":false},"excerpt":{"rendered":"","protected":false},"author":1,"featured_media":0,"parent":0,"menu_order":1,"comment_status":"closed","ping_status":"closed","template":"","meta":{"footnotes":""},"class_list":["post-396","page","type-page","status-publish","hentry"],"acf":[],"yoast_head":"<!-- This site is optimized with the Yoast SEO plugin v27.5 - https:\/\/yoast.com\/product\/yoast-seo-wordpress\/ -->\n<title>Visite e Tour Turistici in Taxi - Barcelona taxi tour<\/title>\n<meta name=\"description\" content=\"Scopri Barcellona in taxi. Tour personalizzati per esplorarne il fascino e trasferimenti in aeroporto o porto. Prenota la tua visita oggi!\" \/>\n<meta name=\"robots\" content=\"index, follow, max-snippet:-1, max-image-preview:large, max-video-preview:-1\" \/>\n<link rel=\"canonical\" href=\"https:\/\/www.barcelonataxitour.com\/it\/\" \/>\n<meta property=\"og:locale\" content=\"it_IT\" \/>\n<meta property=\"og:type\" content=\"article\" \/>\n<meta property=\"og:title\" content=\"Visite e Tour Turistici in Taxi - Barcelona taxi tour\" \/>\n<meta property=\"og:description\" content=\"Scopri Barcellona in taxi. Tour personalizzati per esplorarne il fascino e trasferimenti in aeroporto o porto. Prenota la tua visita oggi!\" \/>\n<meta property=\"og:url\" content=\"https:\/\/www.barcelonataxitour.com\/it\/\" \/>\n<meta property=\"og:site_name\" content=\"Barcelona taxi tour\" \/>\n<meta property=\"article:modified_time\" content=\"2025-05-28T21:34:22+00:00\" \/>\n<meta property=\"og:image\" content=\"https:\/\/www.barcelonataxitour.com\/wp-content\/uploads\/2023\/05\/banner-taxi-tour2.webp\" \/>\n\t<meta property=\"og:image:width\" content=\"1987\" \/>\n\t<meta property=\"og:image:height\" content=\"1362\" \/>\n\t<meta property=\"og:image:type\" content=\"image\/webp\" \/>\n<meta name=\"twitter:card\" content=\"summary_large_image\" \/>\n<meta name=\"twitter:label1\" content=\"Tempo di lettura stimato\" \/>\n\t<meta name=\"twitter:data1\" content=\"3 minuti\" \/>\n<script type=\"application\/ld+json\" class=\"yoast-schema-graph\">{\"@context\":\"https:\\\/\\\/schema.org\",\"@graph\":[{\"@type\":\"WebPage\",\"@id\":\"https:\\\/\\\/www.barcelonataxitour.com\\\/it\\\/\",\"url\":\"https:\\\/\\\/www.barcelonataxitour.com\\\/it\\\/\",\"name\":\"Visite e Tour Turistici in Taxi - Barcelona taxi tour\",\"isPartOf\":{\"@id\":\"https:\\\/\\\/www.barcelonataxitour.com\\\/#website\"},\"primaryImageOfPage\":{\"@id\":\"https:\\\/\\\/www.barcelonataxitour.com\\\/it\\\/#primaryimage\"},\"image\":{\"@id\":\"https:\\\/\\\/www.barcelonataxitour.com\\\/it\\\/#primaryimage\"},\"thumbnailUrl\":\"https:\\\/\\\/www.barcelonataxitour.com\\\/wp-content\\\/uploads\\\/2023\\\/05\\\/banner-taxi-tour2.webp\",\"datePublished\":\"2023-05-15T23:46:45+00:00\",\"dateModified\":\"2025-05-28T21:34:22+00:00\",\"description\":\"Scopri Barcellona in taxi. Tour personalizzati per esplorarne il fascino e trasferimenti in aeroporto o porto. Prenota la tua visita oggi!\",\"breadcrumb\":{\"@id\":\"https:\\\/\\\/www.barcelonataxitour.com\\\/it\\\/#breadcrumb\"},\"inLanguage\":\"it-IT\",\"potentialAction\":[{\"@type\":\"ReadAction\",\"target\":[\"https:\\\/\\\/www.barcelonataxitour.com\\\/it\\\/\"]}]},{\"@type\":\"ImageObject\",\"inLanguage\":\"it-IT\",\"@id\":\"https:\\\/\\\/www.barcelonataxitour.com\\\/it\\\/#primaryimage\",\"url\":\"https:\\\/\\\/www.barcelonataxitour.com\\\/wp-content\\\/uploads\\\/2023\\\/05\\\/banner-taxi-tour2.webp\",\"contentUrl\":\"https:\\\/\\\/www.barcelonataxitour.com\\\/wp-content\\\/uploads\\\/2023\\\/05\\\/banner-taxi-tour2.webp\"},{\"@type\":\"BreadcrumbList\",\"@id\":\"https:\\\/\\\/www.barcelonataxitour.com\\\/it\\\/#breadcrumb\",\"itemListElement\":[{\"@type\":\"ListItem\",\"position\":1,\"name\":\"Home\",\"item\":\"https:\\\/\\\/www.barcelonataxitour.com\\\/it\\\/\"},{\"@type\":\"ListItem\",\"position\":2,\"name\":\"Inicio\"}]},{\"@type\":\"WebSite\",\"@id\":\"https:\\\/\\\/www.barcelonataxitour.com\\\/#website\",\"url\":\"https:\\\/\\\/www.barcelonataxitour.com\\\/\",\"name\":\"Barcelona Taxi Tour\",\"description\":\"Servicio de transporte y turismo en Taxi Barcelona\",\"publisher\":{\"@id\":\"https:\\\/\\\/www.barcelonataxitour.com\\\/#organization\"},\"potentialAction\":[{\"@type\":\"SearchAction\",\"target\":{\"@type\":\"EntryPoint\",\"urlTemplate\":\"https:\\\/\\\/www.barcelonataxitour.com\\\/?s={search_term_string}\"},\"query-input\":{\"@type\":\"PropertyValueSpecification\",\"valueRequired\":true,\"valueName\":\"search_term_string\"}}],\"inLanguage\":\"it-IT\"},{\"@type\":\"Organization\",\"@id\":\"https:\\\/\\\/www.barcelonataxitour.com\\\/#organization\",\"name\":\"Barcelona Taxi Tour\",\"url\":\"https:\\\/\\\/www.barcelonataxitour.com\\\/\",\"logo\":{\"@type\":\"ImageObject\",\"inLanguage\":\"it-IT\",\"@id\":\"https:\\\/\\\/www.barcelonataxitour.com\\\/#\\\/schema\\\/logo\\\/image\\\/\",\"url\":\"https:\\\/\\\/www.barcelonataxitour.com\\\/wp-content\\\/uploads\\\/2023\\\/05\\\/favicon.png\",\"contentUrl\":\"https:\\\/\\\/www.barcelonataxitour.com\\\/wp-content\\\/uploads\\\/2023\\\/05\\\/favicon.png\",\"width\":200,\"height\":200,\"caption\":\"Barcelona Taxi Tour\"},\"image\":{\"@id\":\"https:\\\/\\\/www.barcelonataxitour.com\\\/#\\\/schema\\\/logo\\\/image\\\/\"}}]}<\/script>\n<!-- \/ Yoast SEO plugin. -->","yoast_head_json":{"title":"Visite e Tour Turistici in Taxi - Barcelona taxi tour","description":"Scopri Barcellona in taxi. Tour personalizzati per esplorarne il fascino e trasferimenti in aeroporto o porto. Prenota la tua visita oggi!","robots":{"index":"index","follow":"follow","max-snippet":"max-snippet:-1","max-image-preview":"max-image-preview:large","max-video-preview":"max-video-preview:-1"},"canonical":"https:\/\/www.barcelonataxitour.com\/it\/","og_locale":"it_IT","og_type":"article","og_title":"Visite e Tour Turistici in Taxi - Barcelona taxi tour","og_description":"Scopri Barcellona in taxi. Tour personalizzati per esplorarne il fascino e trasferimenti in aeroporto o porto. Prenota la tua visita oggi!","og_url":"https:\/\/www.barcelonataxitour.com\/it\/","og_site_name":"Barcelona taxi tour","article_modified_time":"2025-05-28T21:34:22+00:00","og_image":[{"width":1987,"height":1362,"url":"https:\/\/www.barcelonataxitour.com\/wp-content\/uploads\/2023\/05\/banner-taxi-tour2.webp","type":"image\/webp"}],"twitter_card":"summary_large_image","twitter_misc":{"Tempo di lettura stimato":"3 minuti"},"schema":{"@context":"https:\/\/schema.org","@graph":[{"@type":"WebPage","@id":"https:\/\/www.barcelonataxitour.com\/it\/","url":"https:\/\/www.barcelonataxitour.com\/it\/","name":"Visite e Tour Turistici in Taxi - Barcelona taxi tour","isPartOf":{"@id":"https:\/\/www.barcelonataxitour.com\/#website"},"primaryImageOfPage":{"@id":"https:\/\/www.barcelonataxitour.com\/it\/#primaryimage"},"image":{"@id":"https:\/\/www.barcelonataxitour.com\/it\/#primaryimage"},"thumbnailUrl":"https:\/\/www.barcelonataxitour.com\/wp-content\/uploads\/2023\/05\/banner-taxi-tour2.webp","datePublished":"2023-05-15T23:46:45+00:00","dateModified":"2025-05-28T21:34:22+00:00","description":"Scopri Barcellona in taxi. Tour personalizzati per esplorarne il fascino e trasferimenti in aeroporto o porto. Prenota la tua visita oggi!","breadcrumb":{"@id":"https:\/\/www.barcelonataxitour.com\/it\/#breadcrumb"},"inLanguage":"it-IT","potentialAction":[{"@type":"ReadAction","target":["https:\/\/www.barcelonataxitour.com\/it\/"]}]},{"@type":"ImageObject","inLanguage":"it-IT","@id":"https:\/\/www.barcelonataxitour.com\/it\/#primaryimage","url":"https:\/\/www.barcelonataxitour.com\/wp-content\/uploads\/2023\/05\/banner-taxi-tour2.webp","contentUrl":"https:\/\/www.barcelonataxitour.com\/wp-content\/uploads\/2023\/05\/banner-taxi-tour2.webp"},{"@type":"BreadcrumbList","@id":"https:\/\/www.barcelonataxitour.com\/it\/#breadcrumb","itemListElement":[{"@type":"ListItem","position":1,"name":"Home","item":"https:\/\/www.barcelonataxitour.com\/it\/"},{"@type":"ListItem","position":2,"name":"Inicio"}]},{"@type":"WebSite","@id":"https:\/\/www.barcelonataxitour.com\/#website","url":"https:\/\/www.barcelonataxitour.com\/","name":"Barcelona Taxi Tour","description":"Servicio de transporte y turismo en Taxi Barcelona","publisher":{"@id":"https:\/\/www.barcelonataxitour.com\/#organization"},"potentialAction":[{"@type":"SearchAction","target":{"@type":"EntryPoint","urlTemplate":"https:\/\/www.barcelonataxitour.com\/?s={search_term_string}"},"query-input":{"@type":"PropertyValueSpecification","valueRequired":true,"valueName":"search_term_string"}}],"inLanguage":"it-IT"},{"@type":"Organization","@id":"https:\/\/www.barcelonataxitour.com\/#organization","name":"Barcelona Taxi Tour","url":"https:\/\/www.barcelonataxitour.com\/","logo":{"@type":"ImageObject","inLanguage":"it-IT","@id":"https:\/\/www.barcelonataxitour.com\/#\/schema\/logo\/image\/","url":"https:\/\/www.barcelonataxitour.com\/wp-content\/uploads\/2023\/05\/favicon.png","contentUrl":"https:\/\/www.barcelonataxitour.com\/wp-content\/uploads\/2023\/05\/favicon.png","width":200,"height":200,"caption":"Barcelona Taxi Tour"},"image":{"@id":"https:\/\/www.barcelonataxitour.com\/#\/schema\/logo\/image\/"}}]}},"_links":{"self":[{"href":"https:\/\/www.barcelonataxitour.com\/it\/wp-json\/wp\/v2\/pages\/396","targetHints":{"allow":["GET"]}}],"collection":[{"href":"https:\/\/www.barcelonataxitour.com\/it\/wp-json\/wp\/v2\/pages"}],"about":[{"href":"https:\/\/www.barcelonataxitour.com\/it\/wp-json\/wp\/v2\/types\/page"}],"author":[{"embeddable":true,"href":"https:\/\/www.barcelonataxitour.com\/it\/wp-json\/wp\/v2\/users\/1"}],"replies":[{"embeddable":true,"href":"https:\/\/www.barcelonataxitour.com\/it\/wp-json\/wp\/v2\/comments?post=396"}],"version-history":[{"count":1,"href":"https:\/\/www.barcelonataxitour.com\/it\/wp-json\/wp\/v2\/pages\/396\/revisions"}],"predecessor-version":[{"id":746,"href":"https:\/\/www.barcelonataxitour.com\/it\/wp-json\/wp\/v2\/pages\/396\/revisions\/746"}],"wp:attachment":[{"href":"https:\/\/www.barcelonataxitour.com\/it\/wp-json\/wp\/v2\/media?parent=396"}],"curies":[{"name":"wp","href":"https:\/\/api.w.org\/{rel}","templated":true}]}}