{"id":8,"date":"2023-05-16T01:41:43","date_gmt":"2023-05-16T01:41:43","guid":{"rendered":"https:\/\/barcelonataxitour.paginaswebbarcelona.com\/?page_id=8"},"modified":"2025-05-26T22:44:39","modified_gmt":"2025-05-26T20:44:39","slug":"tours-taxi-cataluna","status":"publish","type":"page","link":"https:\/\/www.barcelonataxitour.com\/es\/tours-taxi-cataluna\/","title":{"rendered":"Tours en Taxi de inter\u00e9s"},"content":{"rendered":"\n<h1 class=\"wp-block-heading h-naranja lemon mb-5 mt-5 h4\">T<strong>O<\/strong>URS EN TAXI DE INTER\u00c9S en catalu\u00f1a<\/h1>\n\n\n\r\n\t\t<div  class=\"block-f58836bf-4cff-428e-ae42-57b87ce6d37c areoi-element width-100 bg-gris\">\r\n\t\t\t\r\n\t\t\t\n\r\n\t\t<div  class=\"block-fdf0632e-f8cb-4e79-bfa4-529ce31c6db3 areoi-element container\">\r\n\t\t\t\r\n\t\t\t\n\r\n\t\t<div  class=\"block-be6d2937-f66a-4ed4-8d9b-1a9f0aa147b0 row areoi-element row-col-12-md align-items-center\">\r\n\t\t\t\r\n\r\n\t\t\t\n\r\n\t\t<div  class=\"block-9a14703d-85a7-4260-abf1-c0c60df3b244 col areoi-element\">\r\n\t\t\t\r\n\t\t\t\n\n<figure class=\"wp-block-image size-full\"><img decoding=\"async\" width=\"1024\" height=\"790\" src=\"https:\/\/www.barcelonataxitour.com\/wp-content\/uploads\/2023\/05\/girona-costa-brava.webp\" alt=\"\" class=\"wp-image-196\"\/><\/figure>\n\n \r\n\t\t\t\r\n\t\t<\/div>\r\n\t\n\n\r\n\t\t<div  class=\"block-e6b2bfb1-1914-46d0-a2e8-e401dc8c969b col areoi-element\">\r\n\t\t\t\r\n\t\t\t\n\n<h2 class=\"wp-block-heading has-text-align-left times mb-3 h4\"><em><strong>Girona &amp; Costa Brava<\/strong><\/em><\/h2>\n\n\n\n<p><strong>Girona <\/strong>&#8211; Sum\u00e9rjase en su rico patrimonio y pasee por sus encantadoras calles hist\u00f3ricas.<br><br><strong>Figueres <\/strong>&#8211; Ad\u00e9ntrese en el mundo surrealista de Salvador Dal\u00ed en su emblem\u00e1tico museo.<br><br><strong>Besal\u00fa<\/strong> &#8211; Recorrido temporal a trav\u00e9s de esta ciudad medieval cuidadosamente preservada.<br><br><strong>Tossa de Mar<\/strong> &#8211; Una mezcla perfecta de relax y aventura: pasee por encantadoras calles para ir de compras y cenar, visite su impresionante castillo costero con vistas panor\u00e1micas al Mediterr\u00e1neo.<\/p>\n\n\n\n<p><\/p>\n\n \r\n\t\t\t\r\n\t\t<\/div>\r\n\t\n \r\n\t\t<\/div>\r\n\t\n\r\n\t\t\t \r\n\t\t<\/div>\r\n\t\n\r\n\t\t\t \r\n\t\t<\/div>\r\n\t\n\n\r\n\t\t<div  class=\"block-f58836bf-4cff-428e-ae42-57b87ce6d37c areoi-element width-100 bg-montserrat\">\r\n\t\t\t\r\n\t\t\t\n\r\n\t\t<div  class=\"block-fdf0632e-f8cb-4e79-bfa4-529ce31c6db3 areoi-element container\">\r\n\t\t\t\r\n\t\t\t\n\r\n\t\t<div  class=\"block-be6d2937-f66a-4ed4-8d9b-1a9f0aa147b0 row areoi-element row-col-12-md align-items-center\">\r\n\t\t\t\r\n\r\n\t\t\t\n\r\n\t\t<div  class=\"block-e6b2bfb1-1914-46d0-a2e8-e401dc8c969b col areoi-element\">\r\n\t\t\t\r\n\t\t\t\n\n<h2 class=\"wp-block-heading times mb-3 h4\"><em><strong>Montserrat<\/strong><\/em><\/h2>\n\n\n\n<p>Montserrat se alza sobre un impresionante macizo rocoso, famoso por sus singulares formaciones naturales. Toda la zona es un parque natural protegido, que preserva su extraordinario paisaje. Hogar de los monjes benedictinos, la Abad\u00eda de Santa Mar\u00eda de Montserrat fue fundada en el siglo XI y reconstruida posteriormente entre los siglos XIX y XX. En la actualidad, sigue siendo un monasterio activo con m\u00e1s de 70 monjes.<br><br>Llegar a Montserrat en taxi lleva 30 minutos por la autopista, seguidos de otros 30 por sinuosas carreteras de monta\u00f1a que conducen hasta la Abad\u00eda. La Bas\u00edlica de Montserrat alberga a la venerada Virgen de Montserrat, conocida cari\u00f1osamente como \u00abLa Moreneta\u00bb por su tez morena. Esta ic\u00f3nica estatua es un profundo s\u00edmbolo religioso para Catalu\u00f1a.<br><br>Junto a la Bas\u00edlica, los visitantes pueden explorar un magn\u00edfico museo, degustar manjares locales y, si el espacio lo permite, disfrutar de una actuaci\u00f3n de la Escolan\u00eda, el coro de ni\u00f1os de Montserrat famoso en todo el mundo. Los miembros del coro reciben una formaci\u00f3n musical excepcional y act\u00faan de lunes a viernes a las 13:00 horas, ofreciendo una experiencia verdaderamente inolvidable.<\/p>\n\n \r\n\t\t\t\r\n\t\t<\/div>\r\n\t\n\n\r\n\t\t<div  class=\"block-9a14703d-85a7-4260-abf1-c0c60df3b244 col areoi-element order-first-mobile\">\r\n\t\t\t\r\n\t\t\t\n\n<figure class=\"wp-block-image size-full\"><img decoding=\"async\" width=\"1024\" height=\"1002\" src=\"https:\/\/www.barcelonataxitour.com\/wp-content\/uploads\/2023\/05\/tour-montserrat.webp\" alt=\"\" class=\"wp-image-199\"\/><\/figure>\n\n \r\n\t\t\t\r\n\t\t<\/div>\r\n\t\n \r\n\t\t<\/div>\r\n\t\n\r\n\t\t\t \r\n\t\t<\/div>\r\n\t\n\r\n\t\t\t \r\n\t\t<\/div>\r\n\t\n\n\r\n\t\t<div  class=\"block-f58836bf-4cff-428e-ae42-57b87ce6d37c areoi-element width-100 bg-gris mb-5\">\r\n\t\t\t\r\n\t\t\t\n\r\n\t\t<div  class=\"block-fdf0632e-f8cb-4e79-bfa4-529ce31c6db3 areoi-element container\">\r\n\t\t\t\r\n\t\t\t\n\r\n\t\t<div  class=\"block-be6d2937-f66a-4ed4-8d9b-1a9f0aa147b0 row areoi-element row-col-12-md align-items-center\">\r\n\t\t\t\r\n\r\n\t\t\t\n\r\n\t\t<div  class=\"block-9a14703d-85a7-4260-abf1-c0c60df3b244 col areoi-element\">\r\n\t\t\t\r\n\t\t\t\n\n<figure class=\"wp-block-image size-full\"><img decoding=\"async\" width=\"1024\" height=\"796\" src=\"https:\/\/www.barcelonataxitour.com\/wp-content\/uploads\/2023\/05\/sitges.webp\" alt=\"\" class=\"wp-image-201\"\/><\/figure>\n\n \r\n\t\t\t\r\n\t\t<\/div>\r\n\t\n\n\r\n\t\t<div  class=\"block-e6b2bfb1-1914-46d0-a2e8-e401dc8c969b col areoi-element\">\r\n\t\t\t\r\n\t\t\t\n\n<h2 class=\"wp-block-heading has-text-align-left times mb-3 h4\"><em><strong>Sitges<\/strong><\/em><\/h2>\n\n\n\n<p><strong>Sitges<\/strong>&nbsp;<span style=\"font-size: 1rem;\">es una pintoresca joya costera situada a solo una hora en taxi de Barcelona. Cuenta con unas impresionantes playas de arena, un casco hist\u00f3rico con callejuelas estrechas y pintorescas tiendas tradicionales con un dise\u00f1o excepcional. A lo largo del animado paseo mar\u00edtimo, numerosos restaurantes sirven apetitosa cocina local, desde sabrosas paellas hasta delicias de marisco y pescado fresco como pulpo, rape, gambas y una variedad de otros platos exquisitos.<br><br>Despu\u00e9s de una deliciosa comida, d\u00e9 un tranquilo paseo por la costa: Sitges cuenta con 17 playas de arena inmaculada, todas ellas con banderas de seguridad que indican el estado del mar. La mayor\u00eda de estas playas cuentan con la prestigiosa Bandera Azul de la Uni\u00f3n Europea, prueba de su limpieza y alto nivel.<\/span><\/p>\n\n \r\n\t\t\t\r\n\t\t<\/div>\r\n\t\n \r\n\t\t<\/div>\r\n\t\n\r\n\t\t\t \r\n\t\t<\/div>\r\n\t\n\r\n\t\t\t \r\n\t\t<\/div>\r\n\t\n\n\n<h4 class=\"wp-block-heading has-text-align-center times mb-5\"><em><strong>\u201cBarcelona Taxi Tour, para conocer Barcelona y lugares emblem\u00e1ticos de Catalunya\u201d<\/strong><\/em><\/h4>\n\n\n\n<p><\/p>\n","protected":false},"excerpt":{"rendered":"<p>TOURS EN TAXI DE INTER\u00c9S en catalu\u00f1a \u201cBarcelona Taxi Tour, para conocer Barcelona y lugares emblem\u00e1ticos de Catalunya\u201d<\/p>\n","protected":false},"author":1,"featured_media":0,"parent":0,"menu_order":0,"comment_status":"closed","ping_status":"closed","template":"","meta":{"footnotes":""},"class_list":["post-8","page","type-page","status-publish","hentry"],"acf":[],"yoast_head":"<!-- This site is optimized with the Yoast SEO plugin v27.5 - https:\/\/yoast.com\/product\/yoast-seo-wordpress\/ -->\n<title>Mejores Tours Tur\u00edsticos en Taxi por Catalu\u00f1a - Barcelona taxi tour<\/title>\n<meta name=\"description\" content=\"Visita los lugares m\u00e1s emblem\u00e1ticos de Catalu\u00f1a de forma c\u00f3moda con nuestros Tours Tur\u00edsticos en Taxi. Desde Sitges a Besal\u00fa \u00a1Reserva hoy!\" \/>\n<meta name=\"robots\" content=\"index, follow, max-snippet:-1, max-image-preview:large, max-video-preview:-1\" \/>\n<link rel=\"canonical\" href=\"https:\/\/www.barcelonataxitour.com\/es\/tours-taxi-cataluna\/\" \/>\n<meta property=\"og:locale\" content=\"es_ES\" \/>\n<meta property=\"og:type\" content=\"article\" \/>\n<meta property=\"og:title\" content=\"Mejores Tours Tur\u00edsticos en Taxi por Catalu\u00f1a - Barcelona taxi tour\" \/>\n<meta property=\"og:description\" content=\"Visita los lugares m\u00e1s emblem\u00e1ticos de Catalu\u00f1a de forma c\u00f3moda con nuestros Tours Tur\u00edsticos en Taxi. Desde Sitges a Besal\u00fa \u00a1Reserva hoy!\" \/>\n<meta property=\"og:url\" content=\"https:\/\/www.barcelonataxitour.com\/es\/tours-taxi-cataluna\/\" \/>\n<meta property=\"og:site_name\" content=\"Barcelona taxi tour\" \/>\n<meta property=\"article:modified_time\" content=\"2025-05-26T20:44:39+00:00\" \/>\n<meta property=\"og:image\" content=\"https:\/\/www.barcelonataxitour.com\/wp-content\/uploads\/2023\/05\/girona-costa-brava.webp\" \/>\n\t<meta property=\"og:image:width\" content=\"1024\" \/>\n\t<meta property=\"og:image:height\" content=\"790\" \/>\n\t<meta property=\"og:image:type\" content=\"image\/webp\" \/>\n<meta name=\"twitter:card\" content=\"summary_large_image\" \/>\n<meta name=\"twitter:label1\" content=\"Tiempo de lectura\" \/>\n\t<meta name=\"twitter:data1\" content=\"3 minutos\" \/>\n<script type=\"application\/ld+json\" class=\"yoast-schema-graph\">{\"@context\":\"https:\\\/\\\/schema.org\",\"@graph\":[{\"@type\":\"WebPage\",\"@id\":\"https:\\\/\\\/www.barcelonataxitour.com\\\/es\\\/tours-taxi-cataluna\\\/\",\"url\":\"https:\\\/\\\/www.barcelonataxitour.com\\\/es\\\/tours-taxi-cataluna\\\/\",\"name\":\"Mejores Tours Tur\u00edsticos en Taxi por Catalu\u00f1a - Barcelona taxi tour\",\"isPartOf\":{\"@id\":\"https:\\\/\\\/www.barcelonataxitour.com\\\/#website\"},\"primaryImageOfPage\":{\"@id\":\"https:\\\/\\\/www.barcelonataxitour.com\\\/es\\\/tours-taxi-cataluna\\\/#primaryimage\"},\"image\":{\"@id\":\"https:\\\/\\\/www.barcelonataxitour.com\\\/es\\\/tours-taxi-cataluna\\\/#primaryimage\"},\"thumbnailUrl\":\"https:\\\/\\\/www.barcelonataxitour.com\\\/wp-content\\\/uploads\\\/2023\\\/05\\\/girona-costa-brava.webp\",\"datePublished\":\"2023-05-16T01:41:43+00:00\",\"dateModified\":\"2025-05-26T20:44:39+00:00\",\"description\":\"Visita los lugares m\u00e1s emblem\u00e1ticos de Catalu\u00f1a de forma c\u00f3moda con nuestros Tours Tur\u00edsticos en Taxi. Desde Sitges a Besal\u00fa \u00a1Reserva hoy!\",\"breadcrumb\":{\"@id\":\"https:\\\/\\\/www.barcelonataxitour.com\\\/es\\\/tours-taxi-cataluna\\\/#breadcrumb\"},\"inLanguage\":\"es\",\"potentialAction\":[{\"@type\":\"ReadAction\",\"target\":[\"https:\\\/\\\/www.barcelonataxitour.com\\\/es\\\/tours-taxi-cataluna\\\/\"]}]},{\"@type\":\"ImageObject\",\"inLanguage\":\"es\",\"@id\":\"https:\\\/\\\/www.barcelonataxitour.com\\\/es\\\/tours-taxi-cataluna\\\/#primaryimage\",\"url\":\"https:\\\/\\\/www.barcelonataxitour.com\\\/wp-content\\\/uploads\\\/2023\\\/05\\\/girona-costa-brava.webp\",\"contentUrl\":\"https:\\\/\\\/www.barcelonataxitour.com\\\/wp-content\\\/uploads\\\/2023\\\/05\\\/girona-costa-brava.webp\"},{\"@type\":\"BreadcrumbList\",\"@id\":\"https:\\\/\\\/www.barcelonataxitour.com\\\/es\\\/tours-taxi-cataluna\\\/#breadcrumb\",\"itemListElement\":[{\"@type\":\"ListItem\",\"position\":1,\"name\":\"Home\",\"item\":\"https:\\\/\\\/www.barcelonataxitour.com\\\/es\\\/\"},{\"@type\":\"ListItem\",\"position\":2,\"name\":\"Tours en Taxi de inter\u00e9s\"}]},{\"@type\":\"WebSite\",\"@id\":\"https:\\\/\\\/www.barcelonataxitour.com\\\/#website\",\"url\":\"https:\\\/\\\/www.barcelonataxitour.com\\\/\",\"name\":\"Barcelona Taxi Tour\",\"description\":\"Servicio de transporte y turismo en Taxi Barcelona\",\"publisher\":{\"@id\":\"https:\\\/\\\/www.barcelonataxitour.com\\\/#organization\"},\"potentialAction\":[{\"@type\":\"SearchAction\",\"target\":{\"@type\":\"EntryPoint\",\"urlTemplate\":\"https:\\\/\\\/www.barcelonataxitour.com\\\/?s={search_term_string}\"},\"query-input\":{\"@type\":\"PropertyValueSpecification\",\"valueRequired\":true,\"valueName\":\"search_term_string\"}}],\"inLanguage\":\"es\"},{\"@type\":\"Organization\",\"@id\":\"https:\\\/\\\/www.barcelonataxitour.com\\\/#organization\",\"name\":\"Barcelona Taxi Tour\",\"url\":\"https:\\\/\\\/www.barcelonataxitour.com\\\/\",\"logo\":{\"@type\":\"ImageObject\",\"inLanguage\":\"es\",\"@id\":\"https:\\\/\\\/www.barcelonataxitour.com\\\/#\\\/schema\\\/logo\\\/image\\\/\",\"url\":\"https:\\\/\\\/www.barcelonataxitour.com\\\/wp-content\\\/uploads\\\/2023\\\/05\\\/favicon.png\",\"contentUrl\":\"https:\\\/\\\/www.barcelonataxitour.com\\\/wp-content\\\/uploads\\\/2023\\\/05\\\/favicon.png\",\"width\":200,\"height\":200,\"caption\":\"Barcelona Taxi Tour\"},\"image\":{\"@id\":\"https:\\\/\\\/www.barcelonataxitour.com\\\/#\\\/schema\\\/logo\\\/image\\\/\"}}]}<\/script>\n<!-- \/ Yoast SEO plugin. -->","yoast_head_json":{"title":"Mejores Tours Tur\u00edsticos en Taxi por Catalu\u00f1a - Barcelona taxi tour","description":"Visita los lugares m\u00e1s emblem\u00e1ticos de Catalu\u00f1a de forma c\u00f3moda con nuestros Tours Tur\u00edsticos en Taxi. Desde Sitges a Besal\u00fa \u00a1Reserva hoy!","robots":{"index":"index","follow":"follow","max-snippet":"max-snippet:-1","max-image-preview":"max-image-preview:large","max-video-preview":"max-video-preview:-1"},"canonical":"https:\/\/www.barcelonataxitour.com\/es\/tours-taxi-cataluna\/","og_locale":"es_ES","og_type":"article","og_title":"Mejores Tours Tur\u00edsticos en Taxi por Catalu\u00f1a - Barcelona taxi tour","og_description":"Visita los lugares m\u00e1s emblem\u00e1ticos de Catalu\u00f1a de forma c\u00f3moda con nuestros Tours Tur\u00edsticos en Taxi. Desde Sitges a Besal\u00fa \u00a1Reserva hoy!","og_url":"https:\/\/www.barcelonataxitour.com\/es\/tours-taxi-cataluna\/","og_site_name":"Barcelona taxi tour","article_modified_time":"2025-05-26T20:44:39+00:00","og_image":[{"width":1024,"height":790,"url":"https:\/\/www.barcelonataxitour.com\/wp-content\/uploads\/2023\/05\/girona-costa-brava.webp","type":"image\/webp"}],"twitter_card":"summary_large_image","twitter_misc":{"Tiempo de lectura":"3 minutos"},"schema":{"@context":"https:\/\/schema.org","@graph":[{"@type":"WebPage","@id":"https:\/\/www.barcelonataxitour.com\/es\/tours-taxi-cataluna\/","url":"https:\/\/www.barcelonataxitour.com\/es\/tours-taxi-cataluna\/","name":"Mejores Tours Tur\u00edsticos en Taxi por Catalu\u00f1a - Barcelona taxi tour","isPartOf":{"@id":"https:\/\/www.barcelonataxitour.com\/#website"},"primaryImageOfPage":{"@id":"https:\/\/www.barcelonataxitour.com\/es\/tours-taxi-cataluna\/#primaryimage"},"image":{"@id":"https:\/\/www.barcelonataxitour.com\/es\/tours-taxi-cataluna\/#primaryimage"},"thumbnailUrl":"https:\/\/www.barcelonataxitour.com\/wp-content\/uploads\/2023\/05\/girona-costa-brava.webp","datePublished":"2023-05-16T01:41:43+00:00","dateModified":"2025-05-26T20:44:39+00:00","description":"Visita los lugares m\u00e1s emblem\u00e1ticos de Catalu\u00f1a de forma c\u00f3moda con nuestros Tours Tur\u00edsticos en Taxi. Desde Sitges a Besal\u00fa \u00a1Reserva hoy!","breadcrumb":{"@id":"https:\/\/www.barcelonataxitour.com\/es\/tours-taxi-cataluna\/#breadcrumb"},"inLanguage":"es","potentialAction":[{"@type":"ReadAction","target":["https:\/\/www.barcelonataxitour.com\/es\/tours-taxi-cataluna\/"]}]},{"@type":"ImageObject","inLanguage":"es","@id":"https:\/\/www.barcelonataxitour.com\/es\/tours-taxi-cataluna\/#primaryimage","url":"https:\/\/www.barcelonataxitour.com\/wp-content\/uploads\/2023\/05\/girona-costa-brava.webp","contentUrl":"https:\/\/www.barcelonataxitour.com\/wp-content\/uploads\/2023\/05\/girona-costa-brava.webp"},{"@type":"BreadcrumbList","@id":"https:\/\/www.barcelonataxitour.com\/es\/tours-taxi-cataluna\/#breadcrumb","itemListElement":[{"@type":"ListItem","position":1,"name":"Home","item":"https:\/\/www.barcelonataxitour.com\/es\/"},{"@type":"ListItem","position":2,"name":"Tours en Taxi de inter\u00e9s"}]},{"@type":"WebSite","@id":"https:\/\/www.barcelonataxitour.com\/#website","url":"https:\/\/www.barcelonataxitour.com\/","name":"Barcelona Taxi Tour","description":"Servicio de transporte y turismo en Taxi Barcelona","publisher":{"@id":"https:\/\/www.barcelonataxitour.com\/#organization"},"potentialAction":[{"@type":"SearchAction","target":{"@type":"EntryPoint","urlTemplate":"https:\/\/www.barcelonataxitour.com\/?s={search_term_string}"},"query-input":{"@type":"PropertyValueSpecification","valueRequired":true,"valueName":"search_term_string"}}],"inLanguage":"es"},{"@type":"Organization","@id":"https:\/\/www.barcelonataxitour.com\/#organization","name":"Barcelona Taxi Tour","url":"https:\/\/www.barcelonataxitour.com\/","logo":{"@type":"ImageObject","inLanguage":"es","@id":"https:\/\/www.barcelonataxitour.com\/#\/schema\/logo\/image\/","url":"https:\/\/www.barcelonataxitour.com\/wp-content\/uploads\/2023\/05\/favicon.png","contentUrl":"https:\/\/www.barcelonataxitour.com\/wp-content\/uploads\/2023\/05\/favicon.png","width":200,"height":200,"caption":"Barcelona Taxi Tour"},"image":{"@id":"https:\/\/www.barcelonataxitour.com\/#\/schema\/logo\/image\/"}}]}},"_links":{"self":[{"href":"https:\/\/www.barcelonataxitour.com\/es\/wp-json\/wp\/v2\/pages\/8","targetHints":{"allow":["GET"]}}],"collection":[{"href":"https:\/\/www.barcelonataxitour.com\/es\/wp-json\/wp\/v2\/pages"}],"about":[{"href":"https:\/\/www.barcelonataxitour.com\/es\/wp-json\/wp\/v2\/types\/page"}],"author":[{"embeddable":true,"href":"https:\/\/www.barcelonataxitour.com\/es\/wp-json\/wp\/v2\/users\/1"}],"replies":[{"embeddable":true,"href":"https:\/\/www.barcelonataxitour.com\/es\/wp-json\/wp\/v2\/comments?post=8"}],"version-history":[{"count":2,"href":"https:\/\/www.barcelonataxitour.com\/es\/wp-json\/wp\/v2\/pages\/8\/revisions"}],"predecessor-version":[{"id":716,"href":"https:\/\/www.barcelonataxitour.com\/es\/wp-json\/wp\/v2\/pages\/8\/revisions\/716"}],"wp:attachment":[{"href":"https:\/\/www.barcelonataxitour.com\/es\/wp-json\/wp\/v2\/media?parent=8"}],"curies":[{"name":"wp","href":"https:\/\/api.w.org\/{rel}","templated":true}]}}