{"id":25,"date":"2023-05-16T01:46:45","date_gmt":"2023-05-16T01:46:45","guid":{"rendered":"https:\/\/barcelonataxitour.paginaswebbarcelona.com\/?page_id=25"},"modified":"2025-05-26T12:44:46","modified_gmt":"2025-05-26T10:44:46","slug":"inicio","status":"publish","type":"page","link":"https:\/\/www.barcelonataxitour.com\/es\/","title":{"rendered":"Visitas Tur\u00edsticas y Tours en Taxi en Barcelona"},"content":{"rendered":"\r\n\t\t<div  class=\"block-6aea1a4d-8eab-462a-b4a5-05156eafde97 areoi-element width-100 px-md-5 px-2 mb-5\">\r\n\t\t\t\r\n\t\t\t\n\r\n\t\t<div  class=\"block-0ec190c3-c0ac-47d2-aabe-6d6a6237537e row areoi-element gx-2\">\r\n\t\t\t\r\n\r\n\t\t\t\n\r\n\t\t<div  class=\"block-4bd44e18-0d08-46a7-bb98-de44efa428e1 col areoi-element col-md-5 d-none d-sm-none d-md-block\">\r\n\t\t\t\r\n\t\t\t\n\r\n\t\t<div  class=\"block-5655325d-97d9-4c61-8fca-96faabe703e8 areoi-element h-100\">\r\n\t\t\t\r\n\t\t<div class=\"areoi-background  \">\r\n\t\t\t<div class=\"container-fluid\" style=\"padding: 0;\">\r\n\t\t\t\t<div class=\"row justify-content-start\">\r\n\t\t\t\t\t<div class=\"col \">\r\n\t\t\t            <div class=\"areoi-background__color\" \r\n\t                        \tstyle=\"background: rgba(0, 0, 0,1)\">\r\n\t                        <\/div>\r\n\r\n\t                    \r\n\t                        \t<div class=\"areoi-background__image\" style=\"background-image:url(https:\/\/www.barcelonataxitour.com\/wp-content\/uploads\/2023\/05\/banner-taxi-tour1.webp)\"><\/div>\r\n\t                        \r\n\r\n\t                    \r\n\r\n\t                    \r\n\t    \t\t\t<\/div>\r\n\t    \t\t<\/div>\r\n\t    \t<\/div>\r\n\t    <\/div>\r\n\t\r\n\t\t\t\r\n\t\t\t \r\n\t\t<\/div>\r\n\t\n \r\n\t\t\t\r\n\t\t<\/div>\r\n\t\n\n\r\n\t\t<div  class=\"block-4e7f6dd2-9441-4ef2-9d15-c34dbad11221 col areoi-element\">\r\n\t\t\t\r\n\t\t\t\n\n<figure class=\"wp-block-image size-full\"><img decoding=\"async\" width=\"1987\" height=\"1362\" src=\"https:\/\/www.barcelonataxitour.com\/wp-content\/uploads\/2023\/05\/banner-taxi-tour2.webp\" alt=\"\" class=\"wp-image-72\"\/><\/figure>\n\n\n\r\n\t\t<div  class=\"block-c635de75-3177-4540-b383-d9e844ed3290 areoi-element\">\r\n\t\t\t\r\n\t\t\t\n\n<h1 class=\"wp-block-heading caption-banner lemon h2\">BARCELONA TAXI TOUR<\/h1>\n\n\r\n\t\t\t \r\n\t\t<\/div>\r\n\t\n \r\n\t\t\t\r\n\t\t<\/div>\r\n\t\n \r\n\t\t<\/div>\r\n\t\n\r\n\t\t\t \r\n\t\t<\/div>\r\n\t\n\n\r\n\t\t<div  class=\"block-5db34f9b-ad7b-4f25-b1e4-dbc10b4d91e6 areoi-element mb-5\">\r\n\t\t\t\r\n\t\t\t\n\n<h2 class=\"wp-block-heading has-text-align-center h-naranja title-line mb-3 h4\">TAXI EN BARCEL<strong>O<\/strong>NA. TRASLADOS A PUERT<strong>O<\/strong> Y AEROPUERT<strong>O<\/strong>. VISITAS TUR\u00cdSTICAS<\/h2>\n\n\n\n<p>Bienvenido a Barcelona y Catalu\u00f1a. Esta cautivadora regi\u00f3n ofrece una impresionante mezcla de paisajes, rico patrimonio cultural y vibrante vida urbana, con algo especial para cada visitante.<br><br>En Barcelona, recorra las calles m\u00e1s emblem\u00e1ticas para maravillarse con las obras maestras de Gaud\u00ed, como la Sagrada Familia y el Park G\u00fcell. Emp\u00e1pese del animado ambiente y los sabores locales de Las Ramblas.<br><br>Pero a\u00fan hay m\u00e1s por descubrir. La variada belleza de Catalu\u00f1a se extiende desde las escarpadas calas y aguas cristalinas de la Costa Brava hasta el encanto medieval de Gerona y las pintorescas monta\u00f1as de los Pirineos.<br><br>Los amantes de la gastronom\u00eda se alegrar\u00e1n. Del\u00e9itese con la renombrada cocina catalana, desde platos tradicionales a creaciones innovadoras, pruebe exquisitos vinos locales en el Pened\u00e8s y explore bulliciosos mercados.<br><br>Tambi\u00e9n le esperan aventuras: recorra los espectaculares senderos de Montserrat, pasee en bicicleta por los vi\u00f1edos del Priorat o disfrute de los deportes acu\u00e1ticos en la Costa Daurada.<br><br>M\u00e1s que un destino, Catalu\u00f1a es una experiencia. La calidez de sus gentes, combinada con una mezcla \u00fanica de historia y esp\u00edritu moderno, le har\u00e1n sentirse como en casa y le dejar\u00e1n una huella imborrable.<br><br>\u00bfListo para descubrir la magia de Barcelona y Catalu\u00f1a y crear recuerdos inolvidables? Le estamos esperando para darle la bienvenida.<\/p>\n\n\n\n<p><\/p>\n\n\r\n\t\t\t \r\n\t\t<\/div>\r\n\t\n\n\r\n\t\t<div  class=\"block-9fa70f89-7620-4495-90d0-db126b7fb836 areoi-element width-100 mb-5\">\r\n\t\t\t\r\n\t\t\t\n\r\n\t\t<div  class=\"block-bb8f61ef-9e08-4027-b528-4dee54ad9342 row areoi-element gx-2\">\r\n\t\t\t\r\n\r\n\t\t\t\n\r\n\t\t<div  class=\"block-f5764b7f-7b74-4549-ad34-48665eb64e98 col areoi-element\">\r\n\t\t\t\r\n\t\t\t\n\n<figure class=\"wp-block-image size-full\"><img decoding=\"async\" width=\"768\" height=\"638\" src=\"https:\/\/www.barcelonataxitour.com\/wp-content\/uploads\/2023\/07\/tours_taxi_airport_barcelona.jpg\" alt=\"\" class=\"wp-image-527\" srcset=\"https:\/\/www.barcelonataxitour.com\/wp-content\/uploads\/2023\/07\/tours_taxi_airport_barcelona.jpg 768w, https:\/\/www.barcelonataxitour.com\/wp-content\/uploads\/2023\/07\/tours_taxi_airport_barcelona-300x249.jpg 300w\" sizes=\"(max-width: 768px) 100vw, 768px\" \/><\/figure>\n\n \r\n\t\t\t\r\n\t\t<\/div>\r\n\t\n\n\r\n\t\t<div  class=\"block-83c03f25-e595-4eb6-8e70-2051206e28dd col areoi-element\">\r\n\t\t\t\r\n\t\t\t\n\n<figure class=\"wp-block-image size-full\"><img decoding=\"async\" width=\"768\" height=\"638\" src=\"https:\/\/www.barcelonataxitour.com\/wp-content\/uploads\/2023\/05\/taxi-tour-barco.webp\" alt=\"\" class=\"wp-image-83\"\/><\/figure>\n\n \r\n\t\t\t\r\n\t\t<\/div>\r\n\t\n\n\r\n\t\t<div  class=\"block-f7563b50-3b86-487b-8902-73c5eff0280e col areoi-element\">\r\n\t\t\t\r\n\t\t\t\n\n<figure class=\"wp-block-image size-full\"><img decoding=\"async\" width=\"768\" height=\"638\" src=\"https:\/\/www.barcelonataxitour.com\/wp-content\/uploads\/2023\/05\/taxi-tour-avion.webp\" alt=\"\" class=\"wp-image-84\"\/><\/figure>\n\n \r\n\t\t\t\r\n\t\t<\/div>\r\n\t\n \r\n\t\t<\/div>\r\n\t\n\r\n\t\t\t \r\n\t\t<\/div>\r\n\t\n\n\r\n\t\t<div  class=\"block-5db34f9b-ad7b-4f25-b1e4-dbc10b4d91e6 areoi-element mb-5\">\r\n\t\t\t\r\n\t\t\t\n\n<h2 class=\"wp-block-heading has-text-align-center h-naranja title-line mb-3 h4\">TRANSFERS A PUERT<strong>O<\/strong> Y AEROPUERT<strong>O<\/strong><\/h2>\n\n\n\n<p>Comience su aventura en Barcelona sin problemas con nuestro traslado del aeropuerto al hotel, que suele durar entre 30 y 50 minutos.<br><br>Tanto si llega en avi\u00f3n como en crucero, su conductor le estar\u00e1 esperando con un cartel con su nombre, listo para llevarle a su hotel. Olv\u00eddese del estr\u00e9s de desplazarse en transporte p\u00fablico; nosotros nos ocuparemos de su comodidad y conveniencia.<br><br>Desembarcar de un crucero puede ser ajetreado. Le ayudaremos a evitar las aglomeraciones para que su salida sea r\u00e1pida. El trayecto entre el puerto y el aeropuerto de Barcelona es de solo 20 minutos.<br><br>Si\u00e9ntese, rel\u00e1jese y deje que nuestros conductores profesionales se encarguen de su transporte, para que pueda empezar a disfrutar de Barcelona en cuanto llegue.<\/p>\n\n\n\n<p><\/p>\n\n\n\r\n\t\t<div  class=\"block-ce487c02-1378-48f6-ac83-38719db43d80 areoi-element text-center\">\r\n\t\t\t\r\n\t\t\t\n\r\n\t\t\t\t\r\n\t\t<a \r\n\t\t\t\r\n\t\t\tclass=\"block-fb8bf2da-d612-4cd9-b72f-92cf3780a432 btn areoi-has-url position-relative btn-round bold btn-black btn-outline-secondary\"\r\n\t href=\"https:\/\/www.barcelonataxitour.com\/es\/contacto\/\" >\r\n\t\t\t\t\t\r\n\t\t\t\t\tPIDA SU TAXI AQU\u00cd \r\n\t\t\t\t\t\r\n\t\t\t\t\t \r\n\t\t\t\t<\/a>\r\n\t\t\t\n\r\n\t\t\t \r\n\t\t<\/div>\r\n\t\n\r\n\t\t\t \r\n\t\t<\/div>\r\n\t\n\n\r\n\t\t<div  class=\"block-9911ed2d-bed1-4a52-8eb9-e7e9153cd114 areoi-element width-100 mb-5\">\r\n\t\t\t\r\n\t\t\t\n\n<h2 class=\"wp-block-heading has-text-align-center h-naranja title-line mb-4 h4\">NUESTR<strong>A<\/strong> RUTA POR BARCEL<strong>O<\/strong>NA Y sitios de inter\u00e9s<\/h2>\n\n\n\r\n\t\t<div  class=\"block-2b07397d-92a8-445a-acb2-4e38ee7be50f row areoi-element gx-xl-5 gx-md-4 gx-0 gy-5\">\r\n\t\t\t\r\n\r\n\t\t\t\n\r\n\t\t<div  class=\"block-00e77828-93d6-4d90-8d97-306e65a1e582 col areoi-element col-12 col-sm-12 col-md-6\">\r\n\t\t\t\r\n\t\t\t\n\r\n\t\t<div  class=\"block-a38866fe-b3fd-477b-9a8e-a710b0df1efc row areoi-element gx-0\">\r\n\t\t\t\r\n\r\n\t\t\t\n\r\n\t\t<div  class=\"block-78a5543a-c9db-4609-bb7d-a8b55b254d5b col areoi-element col-6 col-sm-7 col-md-6 col-lg-8\">\r\n\t\t\t\r\n\t\t\t\n\n<figure class=\"wp-block-image size-full\"><img decoding=\"async\" width=\"1252\" height=\"1042\" src=\"https:\/\/www.barcelonataxitour.com\/wp-content\/uploads\/2023\/05\/ruta-barcelona.webp\" alt=\"\" class=\"wp-image-99\"\/><\/figure>\n\n \r\n\t\t\t\r\n\t\t<\/div>\r\n\t\n\n\r\n\t\t<div  class=\"block-a22aec2f-1bc9-44b5-bdd5-0f5ae1a947e0 col areoi-element col-6 col-sm-5 col-md-6 col-lg-4\">\r\n\t\t\t\r\n\t\t\t\n\r\n\t\t<div  class=\"block-66295fc4-f0a6-4736-864d-ec1331a4db01 areoi-element px-3 rutas bg-gris\">\r\n\t\t\t\r\n\t\t\t\n\n<h3 class=\"wp-block-heading has-text-align-center h-naranja lemon h4\">Ruta<br>por<br>Barcel<strong>o<\/strong>na<\/h3>\n\n\n\r\n\t\t\t\t\r\n\t\t<a \r\n\t\t\t\r\n\t\t\tclass=\"block-fb8bf2da-d612-4cd9-b72f-92cf3780a432 btn areoi-has-url position-relative btn-round bold btn-black btn-tour btn-outline-secondary\"\r\n\t href=\"https:\/\/www.barcelonataxitour.com\/es\/barcelona-taxi-tour\/\" >\r\n\t\t\t\t\t\r\n\t\t\t\t\tDESCUBRIR TOUR \r\n\t\t\t\t\t\r\n\t\t\t\t\t \r\n\t\t\t\t<\/a>\r\n\t\t\t\n\r\n\t\t\t \r\n\t\t<\/div>\r\n\t\n \r\n\t\t\t\r\n\t\t<\/div>\r\n\t\n \r\n\t\t<\/div>\r\n\t\n \r\n\t\t\t\r\n\t\t<\/div>\r\n\t\n\n\r\n\t\t<div  class=\"block-d308aa65-4a98-49de-96c2-66dad9885925 col areoi-element\">\r\n\t\t\t\r\n\t\t\t\n\r\n\t\t<div  class=\"block-a38866fe-b3fd-477b-9a8e-a710b0df1efc row areoi-element gx-0\">\r\n\t\t\t\r\n\r\n\t\t\t\n\r\n\t\t<div  class=\"block-a22aec2f-1bc9-44b5-bdd5-0f5ae1a947e0 col areoi-element col-6 col-sm-6 col-md-6 col-lg-4\">\r\n\t\t\t\r\n\t\t\t\n\r\n\t\t<div  class=\"block-66295fc4-f0a6-4736-864d-ec1331a4db01 areoi-element px-3 rutas bg-gris\">\r\n\t\t\t\r\n\t\t\t\n\n<h3 class=\"wp-block-heading has-text-align-center h-naranja lemon h4\">Ruta<br> por SITI<strong>O<\/strong>S <br>DE INTER\u00c9S<\/h3>\n\n\n\r\n\t\t\t\t\r\n\t\t<a \r\n\t\t\t\r\n\t\t\tclass=\"block-fb8bf2da-d612-4cd9-b72f-92cf3780a432 btn areoi-has-url position-relative btn-round bold btn-black btn-tour btn-outline-secondary\"\r\n\t href=\"https:\/\/www.barcelonataxitour.com\/es\/tours-en-taxi-de-interes\/\" >\r\n\t\t\t\t\t\r\n\t\t\t\t\tDESCUBRIR TOUR \r\n\t\t\t\t\t\r\n\t\t\t\t\t \r\n\t\t\t\t<\/a>\r\n\t\t\t\n\r\n\t\t\t \r\n\t\t<\/div>\r\n\t\n \r\n\t\t\t\r\n\t\t<\/div>\r\n\t\n\n\r\n\t\t<div  class=\"block-78a5543a-c9db-4609-bb7d-a8b55b254d5b col areoi-element col-6 col-sm-6 col-md-6 col-lg-8\">\r\n\t\t\t\r\n\t\t\t\n\n<figure class=\"wp-block-image size-full\"><img decoding=\"async\" width=\"806\" height=\"668\" src=\"https:\/\/www.barcelonataxitour.com\/wp-content\/uploads\/2023\/05\/ruta-turistica.webp\" alt=\"\" class=\"wp-image-107\"\/><\/figure>\n\n \r\n\t\t\t\r\n\t\t<\/div>\r\n\t\n \r\n\t\t<\/div>\r\n\t\n \r\n\t\t\t\r\n\t\t<\/div>\r\n\t\n \r\n\t\t<\/div>\r\n\t\n\r\n\t\t\t \r\n\t\t<\/div>\r\n\t\n\n\r\n\t\t<div  class=\"block-319e07a1-b1ee-4ef6-8098-d0a5f540a390 areoi-element mb-5\">\r\n\t\t\t\r\n\t\t\t\n\n<h4 class=\"wp-block-heading has-text-align-center h-naranja title-line mb-4\">TESTIMONI<strong>O<\/strong>S<\/h4>\n\n\n\n<div id=\"owl-block_1c649ae23e1427ef0a28a45cd9709f75\" class=\"content-carousel  testimonios \">\n    <div class=\"owl-carousel owl-theme\">\n\n                                    <div class=\"item\" >\n                                            <div class=\"text-center my-3\">\n                            <img decoding=\"async\" src=\"https:\/\/www.barcelonataxitour.com\/wp-content\/uploads\/2023\/05\/favicon.png\" alt=\"\">\n                        <\/div>\n                                        <div class=\"test-title mb-3 lemon text-center\" >\n                        TOUR AGRADABLE Y PERSONALIZADO                    <\/div>\n                    <div class=\"test-desc mb-5\">\n                        Una excelente opci\u00f3n para una visita panor\u00e1mica de Barcelona en un tour de 3 &#8211; 4 horas. Jos\u00e9 Miguel es un gran conocedor de la ciudad, buen conversador y muy simp\u00e1tico. Nos recogi\u00f3 en el hotel por la ma\u00f1ana y volvi\u00f3 antes de comer, permiti\u00e9ndonos descubrir los imprescindibles de Barcelona por un precio muy ajustado.                    <\/div>\n                    <div class=\"name mt-auto text-center\">\n                        Gloria [Badajoz]                    <\/div>\n                <\/div>\n                            <div class=\"item\" >\n                                            <div class=\"text-center my-3\">\n                            <img decoding=\"async\" src=\"https:\/\/www.barcelonataxitour.com\/wp-content\/uploads\/2023\/05\/favicon.png\" alt=\"\">\n                        <\/div>\n                                        <div class=\"test-title mb-3 lemon text-center\" >\n                        Having a satisfying 4 hr drive in Barcelona                    <\/div>\n                    <div class=\"test-desc mb-5\">\n                        Our driver Jose was really good when he shared information about Barcelona with history and background to many buildings and famous people of Barcelona. A gentleman in ensuring my sister in law and I were safe and dropped us off to the airport on time.                    <\/div>\n                    <div class=\"name mt-auto text-center\">\n                        Susan S                    <\/div>\n                <\/div>\n                            <div class=\"item\" >\n                                            <div class=\"text-center my-3\">\n                            <img decoding=\"async\" src=\"https:\/\/www.barcelonataxitour.com\/wp-content\/uploads\/2023\/05\/favicon.png\" alt=\"\">\n                        <\/div>\n                                        <div class=\"test-title mb-3 lemon text-center\" >\n                        Great solution to see Barcelona&#8217;s main attractions in short time                    <\/div>\n                    <div class=\"test-desc mb-5\">\n                        The service was great. Mr. Jose was replying to all of our questions before the trip and adviced us what to see in one day. He waited for us at appointed meeting point and drove us around Barcelona. We have seen all the things on our wish list.                     <\/div>\n                    <div class=\"name mt-auto text-center\">\n                        Smrekica                    <\/div>\n                <\/div>\n            \n        \n    <\/div>\n\n<\/div>\n\n<script>\n    jQuery(document).ready(function () {\n        var owl = jQuery('#owl-block_1c649ae23e1427ef0a28a45cd9709f75 .owl-carousel').owlCarousel({\n            loop: true,\n            margin: 15,\n            nav: true,\n            dots: false,\n            autoplay: false,\n            autoplayTimeout: 5000,\n            slideBy: 1,\n            dotsEach: 1,\n            autoplayHoverPause: false,\n            navText: ['<span class=\"dashicons dashicons-arrow-left-alt2\"><\/span>', '<span class=\"dashicons dashicons-arrow-right-alt2\"><\/span>'],\n            responsive: {\n                0: {\n                    items:1                },\n                768: {\n                    items:2                },\n                992: {\n                    items:3                },\n                1400: {\n                    items:3                }\n            }\n        });\n\n        \/\/ var dots = jQuery('#<a?a= $id ?> .owl-dots');\n        \/\/ dots.appendTo('#<a?a= $id ?> .nav1');\n\n        \/\/var nav = jQuery('#<a?a= $id ?> .owl-nav');\n        \/\/nav.appendTo('#<a?a= $id ?> .nav1');\n\n        var maxHeight = 0;\n        jQuery('#owl-block_1c649ae23e1427ef0a28a45cd9709f75 .owl-item').each(function () {\n            var itemHeight = jQuery(this).height();\n            if (itemHeight > maxHeight) {\n                maxHeight = itemHeight;\n            }\n        });\n\n        \/\/ Establecer la misma altura para todos los elementos\n        jQuery('#owl-block_1c649ae23e1427ef0a28a45cd9709f75  .owl-item').css('height', maxHeight);\n\n    });\n<\/script>\n\r\n\t\t\t \r\n\t\t<\/div>\r\n\t\n\n\r\n\t\t<div  class=\"block-3505942f-fea1-4653-b8ab-e03ea7fd6892 areoi-element width-100 mb-5\">\r\n\t\t\t\r\n\t\t\t\n\n<figure class=\"wp-block-image size-full banner-bottom\"><img decoding=\"async\" width=\"1919\" height=\"408\" src=\"https:\/\/www.barcelonataxitour.com\/wp-content\/uploads\/2023\/05\/taxi-tour-bottom.webp\" alt=\"\" class=\"wp-image-147\"\/><\/figure>\n\n\r\n\t\t\t \r\n\t\t<\/div>\r\n\t","protected":false},"excerpt":{"rendered":"","protected":false},"author":1,"featured_media":0,"parent":0,"menu_order":0,"comment_status":"closed","ping_status":"closed","template":"","meta":{"footnotes":""},"class_list":["post-25","page","type-page","status-publish","hentry"],"acf":[],"yoast_head":"<!-- This site is optimized with the Yoast SEO plugin v27.5 - https:\/\/yoast.com\/product\/yoast-seo-wordpress\/ -->\n<title>Visitas Tur\u00edsticas y Tours en Taxi en Barcelona - Barcelona taxi tour<\/title>\n<meta name=\"description\" content=\"Descubre Barcelona en taxi. Tours personalizados para explorar sus encantos y traslados al aeropuerto o al puerto. \u00a1Reserva hoy mismo!\" \/>\n<meta name=\"robots\" content=\"index, follow, max-snippet:-1, max-image-preview:large, max-video-preview:-1\" \/>\n<link rel=\"canonical\" href=\"https:\/\/www.barcelonataxitour.com\/es\/\" \/>\n<meta property=\"og:locale\" content=\"es_ES\" \/>\n<meta property=\"og:type\" content=\"article\" \/>\n<meta property=\"og:title\" content=\"Visitas Tur\u00edsticas y Tours en Taxi en Barcelona - Barcelona taxi tour\" \/>\n<meta property=\"og:description\" content=\"Descubre Barcelona en taxi. Tours personalizados para explorar sus encantos y traslados al aeropuerto o al puerto. \u00a1Reserva hoy mismo!\" \/>\n<meta property=\"og:url\" content=\"https:\/\/www.barcelonataxitour.com\/es\/\" \/>\n<meta property=\"og:site_name\" content=\"Barcelona taxi tour\" \/>\n<meta property=\"article:modified_time\" content=\"2025-05-26T10:44:46+00:00\" \/>\n<meta property=\"og:image\" content=\"https:\/\/www.barcelonataxitour.com\/wp-content\/uploads\/2023\/05\/banner-taxi-tour2.webp\" \/>\n\t<meta property=\"og:image:width\" content=\"1987\" \/>\n\t<meta property=\"og:image:height\" content=\"1362\" \/>\n\t<meta property=\"og:image:type\" content=\"image\/webp\" \/>\n<meta name=\"twitter:card\" content=\"summary_large_image\" \/>\n<meta name=\"twitter:label1\" content=\"Tiempo de lectura\" \/>\n\t<meta name=\"twitter:data1\" content=\"4 minutos\" \/>\n<script type=\"application\/ld+json\" class=\"yoast-schema-graph\">{\"@context\":\"https:\\\/\\\/schema.org\",\"@graph\":[{\"@type\":\"WebPage\",\"@id\":\"https:\\\/\\\/www.barcelonataxitour.com\\\/es\\\/\",\"url\":\"https:\\\/\\\/www.barcelonataxitour.com\\\/es\\\/\",\"name\":\"Visitas Tur\u00edsticas y Tours en Taxi en Barcelona - Barcelona taxi tour\",\"isPartOf\":{\"@id\":\"https:\\\/\\\/www.barcelonataxitour.com\\\/#website\"},\"primaryImageOfPage\":{\"@id\":\"https:\\\/\\\/www.barcelonataxitour.com\\\/es\\\/#primaryimage\"},\"image\":{\"@id\":\"https:\\\/\\\/www.barcelonataxitour.com\\\/es\\\/#primaryimage\"},\"thumbnailUrl\":\"https:\\\/\\\/www.barcelonataxitour.com\\\/wp-content\\\/uploads\\\/2023\\\/05\\\/banner-taxi-tour2.webp\",\"datePublished\":\"2023-05-16T01:46:45+00:00\",\"dateModified\":\"2025-05-26T10:44:46+00:00\",\"description\":\"Descubre Barcelona en taxi. Tours personalizados para explorar sus encantos y traslados al aeropuerto o al puerto. \u00a1Reserva hoy mismo!\",\"breadcrumb\":{\"@id\":\"https:\\\/\\\/www.barcelonataxitour.com\\\/es\\\/#breadcrumb\"},\"inLanguage\":\"es\",\"potentialAction\":[{\"@type\":\"ReadAction\",\"target\":[\"https:\\\/\\\/www.barcelonataxitour.com\\\/es\\\/\"]}]},{\"@type\":\"ImageObject\",\"inLanguage\":\"es\",\"@id\":\"https:\\\/\\\/www.barcelonataxitour.com\\\/es\\\/#primaryimage\",\"url\":\"https:\\\/\\\/www.barcelonataxitour.com\\\/wp-content\\\/uploads\\\/2023\\\/05\\\/banner-taxi-tour2.webp\",\"contentUrl\":\"https:\\\/\\\/www.barcelonataxitour.com\\\/wp-content\\\/uploads\\\/2023\\\/05\\\/banner-taxi-tour2.webp\"},{\"@type\":\"BreadcrumbList\",\"@id\":\"https:\\\/\\\/www.barcelonataxitour.com\\\/es\\\/#breadcrumb\",\"itemListElement\":[{\"@type\":\"ListItem\",\"position\":1,\"name\":\"Home\",\"item\":\"https:\\\/\\\/www.barcelonataxitour.com\\\/es\\\/\"},{\"@type\":\"ListItem\",\"position\":2,\"name\":\"Visitas Tur\u00edsticas y Tours en Taxi en Barcelona\"}]},{\"@type\":\"WebSite\",\"@id\":\"https:\\\/\\\/www.barcelonataxitour.com\\\/#website\",\"url\":\"https:\\\/\\\/www.barcelonataxitour.com\\\/\",\"name\":\"Barcelona Taxi Tour\",\"description\":\"Servicio de transporte y turismo en Taxi Barcelona\",\"publisher\":{\"@id\":\"https:\\\/\\\/www.barcelonataxitour.com\\\/#organization\"},\"potentialAction\":[{\"@type\":\"SearchAction\",\"target\":{\"@type\":\"EntryPoint\",\"urlTemplate\":\"https:\\\/\\\/www.barcelonataxitour.com\\\/?s={search_term_string}\"},\"query-input\":{\"@type\":\"PropertyValueSpecification\",\"valueRequired\":true,\"valueName\":\"search_term_string\"}}],\"inLanguage\":\"es\"},{\"@type\":\"Organization\",\"@id\":\"https:\\\/\\\/www.barcelonataxitour.com\\\/#organization\",\"name\":\"Barcelona Taxi Tour\",\"url\":\"https:\\\/\\\/www.barcelonataxitour.com\\\/\",\"logo\":{\"@type\":\"ImageObject\",\"inLanguage\":\"es\",\"@id\":\"https:\\\/\\\/www.barcelonataxitour.com\\\/#\\\/schema\\\/logo\\\/image\\\/\",\"url\":\"https:\\\/\\\/www.barcelonataxitour.com\\\/wp-content\\\/uploads\\\/2023\\\/05\\\/favicon.png\",\"contentUrl\":\"https:\\\/\\\/www.barcelonataxitour.com\\\/wp-content\\\/uploads\\\/2023\\\/05\\\/favicon.png\",\"width\":200,\"height\":200,\"caption\":\"Barcelona Taxi Tour\"},\"image\":{\"@id\":\"https:\\\/\\\/www.barcelonataxitour.com\\\/#\\\/schema\\\/logo\\\/image\\\/\"}}]}<\/script>\n<!-- \/ Yoast SEO plugin. -->","yoast_head_json":{"title":"Visitas Tur\u00edsticas y Tours en Taxi en Barcelona - Barcelona taxi tour","description":"Descubre Barcelona en taxi. Tours personalizados para explorar sus encantos y traslados al aeropuerto o al puerto. \u00a1Reserva hoy mismo!","robots":{"index":"index","follow":"follow","max-snippet":"max-snippet:-1","max-image-preview":"max-image-preview:large","max-video-preview":"max-video-preview:-1"},"canonical":"https:\/\/www.barcelonataxitour.com\/es\/","og_locale":"es_ES","og_type":"article","og_title":"Visitas Tur\u00edsticas y Tours en Taxi en Barcelona - Barcelona taxi tour","og_description":"Descubre Barcelona en taxi. Tours personalizados para explorar sus encantos y traslados al aeropuerto o al puerto. \u00a1Reserva hoy mismo!","og_url":"https:\/\/www.barcelonataxitour.com\/es\/","og_site_name":"Barcelona taxi tour","article_modified_time":"2025-05-26T10:44:46+00:00","og_image":[{"width":1987,"height":1362,"url":"https:\/\/www.barcelonataxitour.com\/wp-content\/uploads\/2023\/05\/banner-taxi-tour2.webp","type":"image\/webp"}],"twitter_card":"summary_large_image","twitter_misc":{"Tiempo de lectura":"4 minutos"},"schema":{"@context":"https:\/\/schema.org","@graph":[{"@type":"WebPage","@id":"https:\/\/www.barcelonataxitour.com\/es\/","url":"https:\/\/www.barcelonataxitour.com\/es\/","name":"Visitas Tur\u00edsticas y Tours en Taxi en Barcelona - Barcelona taxi tour","isPartOf":{"@id":"https:\/\/www.barcelonataxitour.com\/#website"},"primaryImageOfPage":{"@id":"https:\/\/www.barcelonataxitour.com\/es\/#primaryimage"},"image":{"@id":"https:\/\/www.barcelonataxitour.com\/es\/#primaryimage"},"thumbnailUrl":"https:\/\/www.barcelonataxitour.com\/wp-content\/uploads\/2023\/05\/banner-taxi-tour2.webp","datePublished":"2023-05-16T01:46:45+00:00","dateModified":"2025-05-26T10:44:46+00:00","description":"Descubre Barcelona en taxi. Tours personalizados para explorar sus encantos y traslados al aeropuerto o al puerto. \u00a1Reserva hoy mismo!","breadcrumb":{"@id":"https:\/\/www.barcelonataxitour.com\/es\/#breadcrumb"},"inLanguage":"es","potentialAction":[{"@type":"ReadAction","target":["https:\/\/www.barcelonataxitour.com\/es\/"]}]},{"@type":"ImageObject","inLanguage":"es","@id":"https:\/\/www.barcelonataxitour.com\/es\/#primaryimage","url":"https:\/\/www.barcelonataxitour.com\/wp-content\/uploads\/2023\/05\/banner-taxi-tour2.webp","contentUrl":"https:\/\/www.barcelonataxitour.com\/wp-content\/uploads\/2023\/05\/banner-taxi-tour2.webp"},{"@type":"BreadcrumbList","@id":"https:\/\/www.barcelonataxitour.com\/es\/#breadcrumb","itemListElement":[{"@type":"ListItem","position":1,"name":"Home","item":"https:\/\/www.barcelonataxitour.com\/es\/"},{"@type":"ListItem","position":2,"name":"Visitas Tur\u00edsticas y Tours en Taxi en Barcelona"}]},{"@type":"WebSite","@id":"https:\/\/www.barcelonataxitour.com\/#website","url":"https:\/\/www.barcelonataxitour.com\/","name":"Barcelona Taxi Tour","description":"Servicio de transporte y turismo en Taxi Barcelona","publisher":{"@id":"https:\/\/www.barcelonataxitour.com\/#organization"},"potentialAction":[{"@type":"SearchAction","target":{"@type":"EntryPoint","urlTemplate":"https:\/\/www.barcelonataxitour.com\/?s={search_term_string}"},"query-input":{"@type":"PropertyValueSpecification","valueRequired":true,"valueName":"search_term_string"}}],"inLanguage":"es"},{"@type":"Organization","@id":"https:\/\/www.barcelonataxitour.com\/#organization","name":"Barcelona Taxi Tour","url":"https:\/\/www.barcelonataxitour.com\/","logo":{"@type":"ImageObject","inLanguage":"es","@id":"https:\/\/www.barcelonataxitour.com\/#\/schema\/logo\/image\/","url":"https:\/\/www.barcelonataxitour.com\/wp-content\/uploads\/2023\/05\/favicon.png","contentUrl":"https:\/\/www.barcelonataxitour.com\/wp-content\/uploads\/2023\/05\/favicon.png","width":200,"height":200,"caption":"Barcelona Taxi Tour"},"image":{"@id":"https:\/\/www.barcelonataxitour.com\/#\/schema\/logo\/image\/"}}]}},"_links":{"self":[{"href":"https:\/\/www.barcelonataxitour.com\/es\/wp-json\/wp\/v2\/pages\/25","targetHints":{"allow":["GET"]}}],"collection":[{"href":"https:\/\/www.barcelonataxitour.com\/es\/wp-json\/wp\/v2\/pages"}],"about":[{"href":"https:\/\/www.barcelonataxitour.com\/es\/wp-json\/wp\/v2\/types\/page"}],"author":[{"embeddable":true,"href":"https:\/\/www.barcelonataxitour.com\/es\/wp-json\/wp\/v2\/users\/1"}],"replies":[{"embeddable":true,"href":"https:\/\/www.barcelonataxitour.com\/es\/wp-json\/wp\/v2\/comments?post=25"}],"version-history":[{"count":2,"href":"https:\/\/www.barcelonataxitour.com\/es\/wp-json\/wp\/v2\/pages\/25\/revisions"}],"predecessor-version":[{"id":691,"href":"https:\/\/www.barcelonataxitour.com\/es\/wp-json\/wp\/v2\/pages\/25\/revisions\/691"}],"wp:attachment":[{"href":"https:\/\/www.barcelonataxitour.com\/es\/wp-json\/wp\/v2\/media?parent=25"}],"curies":[{"name":"wp","href":"https:\/\/api.w.org\/{rel}","templated":true}]}}